{"id":2,"date":"2024-02-26T14:06:42","date_gmt":"2024-02-26T14:06:42","guid":{"rendered":"https:\/\/www.pakke.dk\/dhl\/pakkeshop\/?page_id=2"},"modified":"2024-02-26T17:04:04","modified_gmt":"2024-02-26T17:04:04","slug":"sample-page","status":"publish","type":"page","link":"https:\/\/www.pakke.dk\/dhl\/pakkeshop\/","title":{"rendered":"DHL Pakkeshops i Danmark"},"content":{"rendered":"\n<h2 class=\"wp-block-heading\">1. F\u00f8rst bestiller du DHL pakkelabel via Pakke.dk&nbsp;<u><a href=\"https:\/\/www.pakke.dk\/dhl\" target=\"_blank\" rel=\"noopener\">HER<\/a><\/u><\/h2>\n\n\n\n<figure class=\"wp-block-image\"><a href=\"https:\/\/www.pakke.dk\/dhl\" target=\"_blank\" rel=\"noopener\"><img decoding=\"async\" src=\"\/images\/dao-pakkeshop.PNG\" alt=\"DHL pakkeshop priser\"\/><\/a><\/figure>\n\n\n\n<p class=\"has-text-align-center\"><\/p>\n\n\n\n<h2 class=\"wp-block-heading\">2. Find DHL pakkeshop&nbsp;<u><a href=\"https:\/\/pakkeshop.pakke.dk\/?carrier=dhl\" target=\"_blank\" rel=\"noopener\">HER<\/a><\/u>&nbsp;og indlever din DHL forsendelse<\/h2>\n\n\n\n<figure class=\"wp-block-image\"><a href=\"https:\/\/pakkeshop.pakke.dk\/?carrier=dhl\" target=\"_blank\" rel=\"noopener\"><img decoding=\"async\" src=\"\/images\/pakkeshops.png\" alt=\"DHL pakkeshops\"\/><\/a><\/figure>\n\n\n\n<p class=\"has-text-align-center\"><\/p>\n\n\n\n<h1 class=\"wp-block-heading\">&nbsp;<\/h1>\n\n\n\n<p><span style=\"font-size: 16px;\">DHL er verdens st\u00f8rste distributionsselskab og har en vis aktivitet p\u00e5 det danske marked. Mange danskere &#8211; is\u00e6r danske virksomheder, men ogs\u00e5 privatpersoner &#8211; benytter DHL til ekspresforsendelser til udlandet. Du har flere forskellige muligheder, n\u00e5r du skal sende med DHL, og vi vil redeg\u00f8re for dem her. En af mulighederne er nemlig at aflevere pakken hos en DHL pakkeshop.<\/span><\/p>\n\n\n\n<h2 class=\"wp-block-heading\"><strong>Find din n\u00e6rmeste DHL pakkeshop<\/strong><\/h2>\n\n\n\n<p><span style=\"background-color: transparent; color: #000000; font-family: arial; font-size: 11pt;\">DHL\u2019s pakkeshops kaldes for DHL Service Points. De er placerede overalt i landet, s\u00e5 du har med garanti \u00e9n i n\u00e6rheden. Dog er DHL bedre repr\u00e6senteret i de store byer end i de sm\u00e5. Is\u00e6r i K\u00f8benhavnsomr\u00e5det er der mange DHL Service Points, som du kan benytte.<\/span><\/p>\n\n\n\n<p><span style=\"background-color: transparent; color: #000000; font-family: arial; font-size: 11pt;\">I mange af deres pakkeshops, benytter DHL sig af Swipbox. Det er praktisk for afsenderen, da mange danske supermarkeder har Swipbox st\u00e5ende &#8211; og efter du har bestilt pakkelabel og afleveret pakken, s\u00e5 henter DHL pakken i boksen og sender den i oml\u00f8b.<\/span><\/p>\n\n\n\n<p><span style=\"background-color: transparent; color: #000000; font-family: arial; font-size: 11pt;\">Du kan f\u00e5 et overblik over godkendte pakkeshops, n\u00e5r du booker et DHL pakkelabel. Selv hvis du ikke har booket noget endnu, har DHL\u2019s danske hjemmeside en oversigt over samtlige af deres Service Points i Danmark.<\/span><\/p>\n\n\n\n<p><span style=\"background-color: transparent; color: #000000; font-family: arial; font-size: 11pt;\">Udover at afsende pakker i en <em>DHL pakkeshop<\/em> kan du selvf\u00f8lgelig ogs\u00e5 afhente de forsendelser, der er sendt til dig.<\/span><\/p>\n\n\n\n<p class=\"has-text-align-center\"><iframe loading=\"lazy\" src=\"https:\/\/www.youtube.com\/embed\/JDD0gO7KRgI\" width=\"560\" height=\"315\" frameborder=\"0\" sandbox=\"allow-scripts allow-same-origin\" allowfullscreen=\"allowfullscreen\"><\/iframe><\/p>\n\n\n\n<h2 class=\"wp-block-heading\"><strong>En anden l\u00f8sning: Bestil afhentning med DHL<\/strong><\/h2>\n\n\n\n<p><span style=\"background-color: transparent; color: #000000; font-family: arial; font-size: 11pt;\">En popul\u00e6r l\u00f8sning er at bestille afhentning med DHL. Det er is\u00e6r relevant ved ekspresforsendelser, hvor det skal g\u00e5 hurtigt.<\/span><\/p>\n\n\n\n<p><span style=\"background-color: transparent; color: #000000; font-family: arial; font-size: 11pt;\">Her kommer DHL hjem til dig &#8211; eller din arbejdsplads &#8211; p\u00e5 det tidspunkt, der passer dig. Det er alts\u00e5 en yderst praktisk l\u00f8sning, og det sikrer, at alt g\u00e5r som det skal. Hvis du bestiller afhentning inden kl. 12, s\u00e5 kan en DHL-kurer komme og afhente pakken samme dag.<\/span><\/p>\n\n\n\n<p><span style=\"background-color: transparent; color: #000000; font-family: arial; font-size: 11pt;\">Afhentning med DHL kan bestilles p\u00e5 samme tidspunkt som du bestiller dit pakkelabel. Det bliver lidt dyrere, men det betyder ogs\u00e5, at pakken sendes i oml\u00f8b hurtigere &#8211; og at den nok ogs\u00e5 kommer frem hurtigere. Desuden sparer du en del besv\u00e6r, da DHL kommer lige til d\u00f8ren, og du beh\u00f8ver ikke selv at tage til en pakkeshop.<\/span><\/p>\n\n\n\n<h2 class=\"wp-block-heading\"><strong>S\u00e5dan bestiller du DHL pakkelabel<\/strong><\/h2>\n\n\n\n<p><span style=\"background-color: transparent; color: #000000; font-family: arial; font-size: 11pt;\">Inden du afleverer pakken hos en pakkeshop eller til en DHL-kurer, der henter pakken hos dig, s\u00e5 er det smart at k\u00f8be pakkelabel.<\/span><\/p>\n\n\n\n<p><span style=\"background-color: transparent; color: #000000; font-family: arial; font-size: 11pt;\">Det kan du g\u00f8re her hos Pakke.dk, hvor du indtaster informationer om din forsendelse og derefter bliver pr\u00e6senteret for de bedste priser.<\/span><\/p>\n\n\n\n<p><span style=\"background-color: transparent; color: #000000; font-family: arial; font-size: 11pt;\">Ved ekspresforsendelser til udlandet vil DHL typisk have en af de bedste l\u00f8sninger. Og efter bestilling af pakkelabel bliver det hele sat i gang &#8211; hvis du har bestilt inkl. afhentning, s\u00e5 kommer DHL forbi hurtigt. Hvis ikke, s\u00e5 kan du aflevere pakken hos et DHL Service Point, n\u00e5r du har tid. I alle tilf\u00e6lde er det nemt at benytte DHL, og i de fleste byer er det ogs\u00e5 nemt at finde en <strong>pakkeshop<\/strong>.<\/span><\/p>\n\n\n\n<p>&#8212;<\/p>\n\n\n\n<h2 class=\"wp-block-heading\">Hvor kan jeg indlevere min DHL pakke?<\/h2>\n\n\n\n<p><a href=\"http:\/\/Indleveringssted.dk\"><strong>Indleveringssted.dk<\/strong><\/a>: P\u00e5 denne side kan du s\u00f8ge efter DHL Express indleveringssteder i n\u00e6rheden af dig. Processen er ganske enkel:<\/p>\n\n\n\n<ul class=\"wp-block-list\">\n<li>V\u00e6lg DHL som din foretrukne transport\u00f8r.<\/li>\n\n\n\n<li>V\u00e6lg om du s\u00f8ger efter udleverings- eller indleveringssteder.<\/li>\n\n\n\n<li>Indtast dit postnummer.<\/li>\n\n\n\n<li>Et kort vil vise de tilg\u00e6ngelige indleveringssteder sammen med adresser og \u00e5bningstider\u200b\u200b.<\/li>\n<\/ul>\n\n\n\n<p><a href=\"https:\/\/www.expresseasy.dk\/\"><strong>DHL Express Easy<\/strong><\/a>: Denne service tilbyder ogs\u00e5 en nem m\u00e5de at finde DHL Express pakkeshops. Her kan du:<\/p>\n\n\n\n<ul class=\"wp-block-list\">\n<li>Indtaste dit postnummer eller bynavn for at finde den n\u00e6rmeste pakkeshop.<\/li>\n\n\n\n<li>Registrere og betale for din forsendelse online, hvorefter du kan v\u00e6lge den pakkeshop, du \u00f8nsker at aflevere din pakke i.<\/li>\n\n\n\n<li>Benytte muligheden for at f\u00e5 en DHL Express kur\u00e9r til at afhente pakken fra din private adresse eller arbejdsplads, hvis det er mere bekvemt.<\/li>\n\n\n\n<li>Returnere en pakke med DHL Express, hvis du allerede har et pakkelabel. Det kr\u00e6ver blot at finde den n\u00e6rmeste pakkeshop via DHL&#8217;s lokaliseringstjeneste.<\/li>\n<\/ul>\n\n\n\n<h2 class=\"wp-block-heading\">Hvor kan jeg sende en pakke med DHL?<\/h2>\n\n\n\n<p>Du kan <a href=\"https:\/\/www.pakke.dk\/dhl\">sende en pakke med DHL via Pakke.dk<\/a> eller via <a href=\"http:\/\/www.dhl.dk\">DHL&#8217;s hjemmeside<\/a><\/p>\n\n\n\n<p><style type=\"text\/css\"><!--td {border: 1px solid #cccccc;}br {mso-data-placement:same-cell;}--><br \/>\n<\/style><\/p>\n\n\n\n<figure class=\"wp-block-table\"><table><tbody><tr><td>dhl pakkeshop<\/td><td>dhl afhentning<\/td><td>dhl parcelshop<\/td><td>indlever dhl pakke<\/td><\/tr><tr><td>dhl pakkeshop indlevering<\/td><td>dhl drop off k\u00f8benhavn<\/td><td>dhl pakkeshop silkeborg<\/td><td>dhl indleveringssteder<\/td><\/tr><tr><td>dhl pakkeshop k\u00f8benhavn<\/td><td>dhl service point k\u00f8benhavn<\/td><td>proshop afhentning<\/td><td>dhl indlevering aalborg<\/td><\/tr><tr><td>dhl shop<\/td><td>aflever dhl pakke<\/td><td>dhl pakkeshop holstebro<\/td><td>dhl pakkeindlevering<\/td><\/tr><tr><td>find dhl pakkeshop<\/td><td>dhl herning<\/td><td>gls pakkeshop finsensvej<\/td><td>dhl indlevering steder<\/td><\/tr><tr><td>dhl pakkeshop \u00e5rhus<\/td><td>dhl s\u00f8nderborg<\/td><td>dhl pakkeshop vejle<\/td><td>dhl express indleveringssteder<\/td><\/tr><tr><td>dhl pakkeshop aarhus<\/td><td>dhl bornholm<\/td><td>dhl shops<\/td><td>dhl drop off<\/td><\/tr><tr><td>dhl pakkeshop odense<\/td><td>dhl roskilde<\/td><td>dhl pakkeshop lyngby<\/td><td>dhl aflevering<\/td><\/tr><tr><td>pakkeshop dhl<\/td><td>dhl drop off aarhus<\/td><td>dhl partner shop<\/td><td>dhl retur steder<\/td><\/tr><tr><td>dhl pakkeshop near me<\/td><td>hvor kan man sende dhl pakker<\/td><td>dhl paketshop near me<\/td><td>dhl pakkeboks<\/td><\/tr><tr><td>dhl pakkeshop esbjerg<\/td><td>dhl lyngby<\/td><td>dhl parcel shop<\/td><td>aflevere dhl pakke<\/td><\/tr><tr><td>dhl pakkeshop \u00f8sterbro<\/td><td>dhl service point danmark<\/td><td>pakkeshop finsensvej<\/td><td>hvor kan man aflevere dhl pakker<\/td><\/tr><tr><td>dhl odense pakkeshop<\/td><td>dhl hj\u00f8rring<\/td><td>dhl express shop<\/td><td>hvor kan jeg aflevere dhl pakker<\/td><\/tr><tr><td>dhl pakkeshops<\/td><td>hvor kan jeg aflevere min dhl pakke<\/td><td>dhl packetshop<\/td><td>hvor kan jeg sende dhl pakker<\/td><\/tr><tr><td>dhl express pakkeshop<\/td><td>dhl holstebro<\/td><td>ghl shop<\/td><td>dhl posthus<\/td><\/tr><tr><td>dhl pakkeshop aalborg<\/td><td>dhl drop off point<\/td><td>din pakkeshop reberbanegade 3<\/td><td>hvor kan jeg aflevere en dhl pakke<\/td><\/tr><tr><td>dhl pakkeshop roskilde<\/td><td>dhl hiller\u00f8d<\/td><td>dhl return shop<\/td><td>aflevering af dhl pakker<\/td><\/tr><tr><td>dhl pakkeshop n\u00e6stved<\/td><td>dhl aflevering af pakke<\/td><td>paketshop dhl<\/td><td>dhl udleveringssteder<\/td><\/tr><tr><td>dhl pakkeshop kolding<\/td><td>dhl drop off denmark<\/td><td>dhl shops near me<\/td><td>dhl n\u00f8rreport<\/td><\/tr><tr><td>dhl pakke shop<\/td><td>dhl pick up point<\/td><td>dhl indlevering<\/td><td>dhl drop off danmark<\/td><\/tr><tr><td>dhl pakkeshop horsens<\/td><td>dhl dropp off<\/td><td>dhl pakke indlevering<\/td><td>dhl leveringssteder<\/td><\/tr><tr><td>n\u00e6rmeste dhl pakkeshop<\/td><td>send dhl pakke<\/td><td>indlevering dhl<\/td><td>postnord dhl<\/td><\/tr><tr><td>dhl pakkeshop amager<\/td><td>dhl send pakke privat<\/td><td>dhl indlevering \u00e5rhus<\/td><td>dhl holb\u00e6k<\/td><\/tr><tr><td>dhl pakkeshop randers<\/td><td>send en pakke med dhl<\/td><td>indlevering af dhl pakker<\/td><td>dhl postkontor<\/td><\/tr><tr><td>dhl pakkeshop frederiksberg<\/td><td>send pakke med dhl k\u00f8benhavn<\/td><td>dhl indlevering odense<\/td><td>dhl paketshop<\/td><\/tr><tr><td>parcelshop finder dhl<\/td><td>send pakke med dhl<\/td><td>hvor kan man indlevere dhl pakker<\/td><td>dhl shop near me<\/td><\/tr><tr><td>dhl parcelshop near me<\/td><td>dhl send pakke<\/td><td>dhl express indlevering<\/td><td>send pakke dhl<\/td><\/tr><tr><td>dhl danmark pakkeshop<\/td><td>send dhl pakke retur<\/td><td>dhl indlevering k\u00f8benhavn<\/td><td>dhl send pakke retur<\/td><\/tr><tr><td>elle express online shopping<\/td><td>dhl aalborg send pakke<\/td><td>&nbsp;<\/td><td>&nbsp;<\/td><\/tr><\/tbody><\/table><\/figure>\n\n\n\n<div>&nbsp;<\/div>\n","protected":false},"excerpt":{"rendered":"<p>1. F\u00f8rst bestiller du DHL pakkelabel via Pakke.dk&nbsp;HER 2. Find DHL pakkeshop&nbsp;HER&nbsp;og indlever din DHL forsendelse &nbsp; DHL er verdens st\u00f8rste distributionsselskab og har en vis aktivitet p\u00e5 det danske marked. Mange danskere &#8211; is\u00e6r danske virksomheder, men ogs\u00e5 privatpersoner &#8211; benytter DHL til ekspresforsendelser til udlandet. Du har flere forskellige muligheder, n\u00e5r du skal&hellip; <a class=\"more-link\" href=\"https:\/\/www.pakke.dk\/dhl\/pakkeshop\/\">Continue reading <span class=\"screen-reader-text\">DHL Pakkeshops i Danmark<\/span><\/a><\/p>\n","protected":false},"author":2,"featured_media":0,"parent":0,"menu_order":0,"comment_status":"closed","ping_status":"open","template":"","meta":{"_cbd_carousel_blocks":"[]","footnotes":""},"class_list":["post-2","page","type-page","status-publish","hentry","entry"],"yoast_head":"<!-- This site is optimized with the Yoast SEO plugin v27.5 - https:\/\/yoast.com\/product\/yoast-seo-wordpress\/ -->\n<title>DHL Pakkeshops i Danmark - DHL Pakkeshop<\/title>\n<meta name=\"description\" content=\"Find hurtigt alle DHL pakkeshop i Danmark her...\" \/>\n<meta name=\"robots\" content=\"index, follow, max-snippet:-1, max-image-preview:large, max-video-preview:-1\" \/>\n<link rel=\"canonical\" href=\"https:\/\/www.pakke.dk\/dhl\/pakkeshop\/\" \/>\n<meta property=\"og:locale\" content=\"en_US\" \/>\n<meta property=\"og:type\" content=\"article\" \/>\n<meta property=\"og:title\" content=\"DHL Pakkeshops i Danmark - DHL Pakkeshop\" \/>\n<meta property=\"og:description\" content=\"Find hurtigt alle DHL pakkeshop i Danmark her...\" \/>\n<meta property=\"og:url\" content=\"https:\/\/www.pakke.dk\/dhl\/pakkeshop\/\" \/>\n<meta property=\"og:site_name\" content=\"DHL Pakkeshop\" \/>\n<meta property=\"article:modified_time\" content=\"2024-02-26T17:04:04+00:00\" \/>\n<meta name=\"twitter:card\" content=\"summary_large_image\" \/>\n<meta name=\"twitter:label1\" content=\"Est. reading time\" \/>\n\t<meta name=\"twitter:data1\" content=\"5 minutes\" \/>\n<script type=\"application\/ld+json\" class=\"yoast-schema-graph\">{\"@context\":\"https:\\\/\\\/schema.org\",\"@graph\":[{\"@type\":\"WebPage\",\"@id\":\"https:\\\/\\\/www.pakke.dk\\\/dhl\\\/pakkeshop\\\/\",\"url\":\"https:\\\/\\\/www.pakke.dk\\\/dhl\\\/pakkeshop\\\/\",\"name\":\"DHL Pakkeshops i Danmark - DHL Pakkeshop\",\"isPartOf\":{\"@id\":\"https:\\\/\\\/www.pakke.dk\\\/dhl\\\/pakkeshop\\\/#website\"},\"datePublished\":\"2024-02-26T14:06:42+00:00\",\"dateModified\":\"2024-02-26T17:04:04+00:00\",\"description\":\"Find hurtigt alle DHL pakkeshop i Danmark her...\",\"breadcrumb\":{\"@id\":\"https:\\\/\\\/www.pakke.dk\\\/dhl\\\/pakkeshop\\\/#breadcrumb\"},\"inLanguage\":\"en-US\",\"potentialAction\":[{\"@type\":\"ReadAction\",\"target\":[\"https:\\\/\\\/www.pakke.dk\\\/dhl\\\/pakkeshop\\\/\"]}]},{\"@type\":\"BreadcrumbList\",\"@id\":\"https:\\\/\\\/www.pakke.dk\\\/dhl\\\/pakkeshop\\\/#breadcrumb\",\"itemListElement\":[{\"@type\":\"ListItem\",\"position\":1,\"name\":\"Home\",\"item\":\"https:\\\/\\\/www.pakke.dk\\\/dhl\\\/pakkeshop\\\/\"},{\"@type\":\"ListItem\",\"position\":2,\"name\":\"DHL Pakkeshops i Danmark\"}]},{\"@type\":\"WebSite\",\"@id\":\"https:\\\/\\\/www.pakke.dk\\\/dhl\\\/pakkeshop\\\/#website\",\"url\":\"https:\\\/\\\/www.pakke.dk\\\/dhl\\\/pakkeshop\\\/\",\"name\":\"DHL Pakkeshop\",\"description\":\"Powered by Pakke.dk\",\"publisher\":{\"@id\":\"https:\\\/\\\/www.pakke.dk\\\/dhl\\\/pakkeshop\\\/#organization\"},\"potentialAction\":[{\"@type\":\"SearchAction\",\"target\":{\"@type\":\"EntryPoint\",\"urlTemplate\":\"https:\\\/\\\/www.pakke.dk\\\/dhl\\\/pakkeshop\\\/?s={search_term_string}\"},\"query-input\":{\"@type\":\"PropertyValueSpecification\",\"valueRequired\":true,\"valueName\":\"search_term_string\"}}],\"inLanguage\":\"en-US\"},{\"@type\":\"Organization\",\"@id\":\"https:\\\/\\\/www.pakke.dk\\\/dhl\\\/pakkeshop\\\/#organization\",\"name\":\"DHL Pakkeshop\",\"url\":\"https:\\\/\\\/www.pakke.dk\\\/dhl\\\/pakkeshop\\\/\",\"logo\":{\"@type\":\"ImageObject\",\"inLanguage\":\"en-US\",\"@id\":\"https:\\\/\\\/www.pakke.dk\\\/dhl\\\/pakkeshop\\\/#\\\/schema\\\/logo\\\/image\\\/\",\"url\":\"https:\\\/\\\/www.pakke.dk\\\/dhl\\\/pakkeshop\\\/wp-content\\\/uploads\\\/2024\\\/02\\\/Skaermbillede-2024-02-26-kl.-10.53.43.png\",\"contentUrl\":\"https:\\\/\\\/www.pakke.dk\\\/dhl\\\/pakkeshop\\\/wp-content\\\/uploads\\\/2024\\\/02\\\/Skaermbillede-2024-02-26-kl.-10.53.43.png\",\"width\":1022,\"height\":836,\"caption\":\"DHL Pakkeshop\"},\"image\":{\"@id\":\"https:\\\/\\\/www.pakke.dk\\\/dhl\\\/pakkeshop\\\/#\\\/schema\\\/logo\\\/image\\\/\"}}]}<\/script>\n<!-- \/ Yoast SEO plugin. -->","yoast_head_json":{"title":"DHL Pakkeshops i Danmark - DHL Pakkeshop","description":"Find hurtigt alle DHL pakkeshop i Danmark her...","robots":{"index":"index","follow":"follow","max-snippet":"max-snippet:-1","max-image-preview":"max-image-preview:large","max-video-preview":"max-video-preview:-1"},"canonical":"https:\/\/www.pakke.dk\/dhl\/pakkeshop\/","og_locale":"en_US","og_type":"article","og_title":"DHL Pakkeshops i Danmark - DHL Pakkeshop","og_description":"Find hurtigt alle DHL pakkeshop i Danmark her...","og_url":"https:\/\/www.pakke.dk\/dhl\/pakkeshop\/","og_site_name":"DHL Pakkeshop","article_modified_time":"2024-02-26T17:04:04+00:00","twitter_card":"summary_large_image","twitter_misc":{"Est. reading time":"5 minutes"},"schema":{"@context":"https:\/\/schema.org","@graph":[{"@type":"WebPage","@id":"https:\/\/www.pakke.dk\/dhl\/pakkeshop\/","url":"https:\/\/www.pakke.dk\/dhl\/pakkeshop\/","name":"DHL Pakkeshops i Danmark - DHL Pakkeshop","isPartOf":{"@id":"https:\/\/www.pakke.dk\/dhl\/pakkeshop\/#website"},"datePublished":"2024-02-26T14:06:42+00:00","dateModified":"2024-02-26T17:04:04+00:00","description":"Find hurtigt alle DHL pakkeshop i Danmark her...","breadcrumb":{"@id":"https:\/\/www.pakke.dk\/dhl\/pakkeshop\/#breadcrumb"},"inLanguage":"en-US","potentialAction":[{"@type":"ReadAction","target":["https:\/\/www.pakke.dk\/dhl\/pakkeshop\/"]}]},{"@type":"BreadcrumbList","@id":"https:\/\/www.pakke.dk\/dhl\/pakkeshop\/#breadcrumb","itemListElement":[{"@type":"ListItem","position":1,"name":"Home","item":"https:\/\/www.pakke.dk\/dhl\/pakkeshop\/"},{"@type":"ListItem","position":2,"name":"DHL Pakkeshops i Danmark"}]},{"@type":"WebSite","@id":"https:\/\/www.pakke.dk\/dhl\/pakkeshop\/#website","url":"https:\/\/www.pakke.dk\/dhl\/pakkeshop\/","name":"DHL Pakkeshop","description":"Powered by Pakke.dk","publisher":{"@id":"https:\/\/www.pakke.dk\/dhl\/pakkeshop\/#organization"},"potentialAction":[{"@type":"SearchAction","target":{"@type":"EntryPoint","urlTemplate":"https:\/\/www.pakke.dk\/dhl\/pakkeshop\/?s={search_term_string}"},"query-input":{"@type":"PropertyValueSpecification","valueRequired":true,"valueName":"search_term_string"}}],"inLanguage":"en-US"},{"@type":"Organization","@id":"https:\/\/www.pakke.dk\/dhl\/pakkeshop\/#organization","name":"DHL Pakkeshop","url":"https:\/\/www.pakke.dk\/dhl\/pakkeshop\/","logo":{"@type":"ImageObject","inLanguage":"en-US","@id":"https:\/\/www.pakke.dk\/dhl\/pakkeshop\/#\/schema\/logo\/image\/","url":"https:\/\/www.pakke.dk\/dhl\/pakkeshop\/wp-content\/uploads\/2024\/02\/Skaermbillede-2024-02-26-kl.-10.53.43.png","contentUrl":"https:\/\/www.pakke.dk\/dhl\/pakkeshop\/wp-content\/uploads\/2024\/02\/Skaermbillede-2024-02-26-kl.-10.53.43.png","width":1022,"height":836,"caption":"DHL Pakkeshop"},"image":{"@id":"https:\/\/www.pakke.dk\/dhl\/pakkeshop\/#\/schema\/logo\/image\/"}}]}},"_links":{"self":[{"href":"https:\/\/www.pakke.dk\/dhl\/pakkeshop\/wp-json\/wp\/v2\/pages\/2","targetHints":{"allow":["GET"]}}],"collection":[{"href":"https:\/\/www.pakke.dk\/dhl\/pakkeshop\/wp-json\/wp\/v2\/pages"}],"about":[{"href":"https:\/\/www.pakke.dk\/dhl\/pakkeshop\/wp-json\/wp\/v2\/types\/page"}],"author":[{"embeddable":true,"href":"https:\/\/www.pakke.dk\/dhl\/pakkeshop\/wp-json\/wp\/v2\/users\/2"}],"replies":[{"embeddable":true,"href":"https:\/\/www.pakke.dk\/dhl\/pakkeshop\/wp-json\/wp\/v2\/comments?post=2"}],"version-history":[{"count":3,"href":"https:\/\/www.pakke.dk\/dhl\/pakkeshop\/wp-json\/wp\/v2\/pages\/2\/revisions"}],"predecessor-version":[{"id":1180,"href":"https:\/\/www.pakke.dk\/dhl\/pakkeshop\/wp-json\/wp\/v2\/pages\/2\/revisions\/1180"}],"wp:attachment":[{"href":"https:\/\/www.pakke.dk\/dhl\/pakkeshop\/wp-json\/wp\/v2\/media?parent=2"}],"curies":[{"name":"wp","href":"https:\/\/api.w.org\/{rel}","templated":true}]}}